{"id":138,"date":"2013-08-23T14:26:42","date_gmt":"2013-08-23T13:26:42","guid":{"rendered":"http:\/\/www.yoga-gap.com\/?page_id=138"},"modified":"2015-09-18T21:25:56","modified_gmt":"2015-09-18T20:25:56","slug":"yoga-maternite","status":"publish","type":"page","link":"https:\/\/www.yoga-gap.com\/?page_id=138","title":{"rendered":"Yoga maternit\u00e9"},"content":{"rendered":"<p style=\"text-align: justify;\"><span style=\"color: #3366ff;\">La pratique pr\u00e9alable du yoga n&rsquo;est pas indispensable,\u00a0 de nombreuses femmes d\u00e9couvrent le yoga avec le yoga\u00a0maternit\u00e9 :<\/span> <span style=\"color: #3366ff;\"> <strong> pr\u00e9natal, couple, postnatal<\/strong> ( cours collectifs ou particuliers). <\/span><\/p>\n<p style=\"text-align: justify;\"><span style=\"color: #3366ff;\">Ce qui me motive dans cette approche du yoga : au-del\u00e0 de la pr\u00e9paration physique et mentale en pr\u00e9natal et ensuite de la r\u00e9cup\u00e9ration physique et \u00e9motionnelle en postnatal, d\u00e9j\u00e0 importantes par elles-m\u00eames, c&rsquo;est de redonner \u00e0 la femme enceinte, \u00e0 la femme maternante, la place qu&rsquo;elle m\u00e9rite\u00a0:<\/span><\/p>\n<p style=\"text-align: justify;\"><span style=\"color: #3366ff;\"> l&rsquo;accompagner dans sa prise de conscience de transformation profonde ; la guider sur le chemin des soeurs, des m\u00e8res et des grands-m\u00e8res, des amies, afin qu&rsquo;elle ne se sente pas perdue ni isol\u00e9e en tant que femme-m\u00e8re elle-m\u00eame\u00a0; en m\u00eame temps, lui permettre d&rsquo;\u00e9voluer par rapport aux g\u00e9n\u00e9rations pr\u00e9c\u00e9dentes en l&rsquo;aidant \u00e0 se d\u00e9faire des m\u00e9moires transg\u00e9n\u00e9rationnelles, pas toujours tr\u00e8s heureuses ; \u00a0la soutenir dans ce qu&rsquo;elle per\u00e7oit de sa responsabilit\u00e9 personnelle par rapport \u00e0 l&rsquo;enfant qu&rsquo;elle attend ; la renforcer dans sa beaut\u00e9 et sa puissance, dans sa \u00ab\u00a0mission\u00a0\u00bb d&rsquo;accueillir la vie, une vie&#8230;\u00a0<\/span><\/p>\n<p style=\"text-align: justify;\"><span style=\"color: #3366ff;\">Plus le niveau de conscience de la m\u00e8re, dans sa fa\u00e7on d&rsquo;attendre son enfant, est\u00a0\u00e9lev\u00e9 -et\u00a0meilleurs sont son entourage affectif et\u00a0son environnement imm\u00e9diat-mieux le f\u0153tus\u00a0va se d\u00e9velopper, et ainsi\u00a0plus l&rsquo;enfant (et l&rsquo;adulte plus tard) sera\u00a0 \u00e9quilibr\u00e9, aux niveaux sant\u00e9, affectif, \u00e9motionnel, psychique, relationnel, intellectuel, etc.<\/span><\/p>\n<p>&nbsp;<\/p>\n","protected":false},"excerpt":{"rendered":"<p>La pratique pr\u00e9alable du yoga n&rsquo;est pas indispensable,\u00a0 de nombreuses femmes d\u00e9couvrent le yoga avec<a class=\"post_read_more\" href=\"https:\/\/www.yoga-gap.com\/?page_id=138\">Read More<\/a><\/p>\n","protected":false},"author":1,"featured_media":0,"parent":0,"menu_order":0,"comment_status":"open","ping_status":"open","template":"","meta":{"footnotes":""},"class_list":["post-138","page","type-page","status-publish","hentry"],"_links":{"self":[{"href":"https:\/\/www.yoga-gap.com\/index.php?rest_route=\/wp\/v2\/pages\/138","targetHints":{"allow":["GET"]}}],"collection":[{"href":"https:\/\/www.yoga-gap.com\/index.php?rest_route=\/wp\/v2\/pages"}],"about":[{"href":"https:\/\/www.yoga-gap.com\/index.php?rest_route=\/wp\/v2\/types\/page"}],"author":[{"embeddable":true,"href":"https:\/\/www.yoga-gap.com\/index.php?rest_route=\/wp\/v2\/users\/1"}],"replies":[{"embeddable":true,"href":"https:\/\/www.yoga-gap.com\/index.php?rest_route=%2Fwp%2Fv2%2Fcomments&post=138"}],"version-history":[{"count":25,"href":"https:\/\/www.yoga-gap.com\/index.php?rest_route=\/wp\/v2\/pages\/138\/revisions"}],"predecessor-version":[{"id":1601,"href":"https:\/\/www.yoga-gap.com\/index.php?rest_route=\/wp\/v2\/pages\/138\/revisions\/1601"}],"wp:attachment":[{"href":"https:\/\/www.yoga-gap.com\/index.php?rest_route=%2Fwp%2Fv2%2Fmedia&parent=138"}],"curies":[{"name":"wp","href":"https:\/\/api.w.org\/{rel}","templated":true}]}}