{"id":1470,"date":"2015-08-16T11:06:39","date_gmt":"2015-08-16T10:06:39","guid":{"rendered":"http:\/\/www.yoga-gap.com\/?page_id=1470"},"modified":"2025-11-06T14:28:33","modified_gmt":"2025-11-06T13:28:33","slug":"ateliers","status":"publish","type":"page","link":"https:\/\/www.yoga-gap.com\/?page_id=1470","title":{"rendered":"Ateliers"},"content":{"rendered":"<p><span style=\"color: #800080;\">&#8211; <a style=\"color: #800080;\" href=\"https:\/\/www.yoga-gap.com\/?page_id=184\"><span style=\"text-decoration: underline;\"><strong>ateliers de Yoga Nidra\/M\u00e9ditation et de Pranayama \/ M\u00e9ditation <\/strong><\/span><\/a><\/span><\/p>\n<p>au Centre Janou, Impasse des Hypoth\u00e8ques Gap, g\u00e9n\u00e9ralement le samedi de 16h30 \u00e0 18h30 (ou 16h-18h).<\/p>\n<p><span style=\"text-decoration: underline;\">Dates des ateliers<\/span> : (demander la confirmation quelques jours avant qu&rsquo;il n&rsquo;y a pas annulation)<\/p>\n<p>&#8211; samedi 08\/11 de 16h30 \u00e0 18h30 : Yoga Nidra\/M\u00e9ditation (partage autour d&rsquo;une boisson chaude et d&rsquo;un grignotage, les personnes press\u00e9es peuvent partir au moment de ce partage)<\/p>\n<p>&#8211; samedi 22\/11 de 17h \u00e0 18h15 ou dimanche 23\/11 de 10h \u00e0 11h15: Respiration\/Relaxation<\/p>\n<p>&#8211; samedi 20\/12 de 16h30 \u00e0 18h30 : Yoga Nidra\/M\u00e9ditation<\/p>\n<p>&#8211; samedi 24\/01 de 10h15 \u00e0 12h15 : Yoga\/Respiration\/M\u00e9ditation (ou Relaxation)<\/p>\n<p>ou\/et de 16h15 \u00e0 18h45 : Respiration\/M\u00e9ditation\/Relaxation<\/p>\n<p>&#8211; samedi 21\/02 de 10h15 \u00e0 12h15 : Yoga\/Respiration\/M\u00e9ditation (ou Relaxation)<\/p>\n<p>&#8211; samedi 21\/03 de 10h30 \u00e0 12h : Yoga\/Respiration<\/p>\n<p>&#8211; samedi 21\/03 de 16h30 \u00e0 18h30 : Yoga Nidra\/M\u00e9ditation<\/p>\n<p>&#8211; vendredi 29\/05 de 17h30 \u00e0 18h45 : Respiration\/Relaxation<\/p>\n<p>&#8211; samedi 13\/06 de 16h30 \u00e0 18h30 : Yoga Nidra\/M\u00e9ditation<\/p>\n\n\n<p><span style=\"color: #800080;\">&#8211; <a style=\"color: #800080;\" href=\"https:\/\/www.yoga-gap.com\/?page_id=184\"><span style=\"text-decoration: underline;\"><strong>autres activit\u00e9s<\/strong><\/span><\/a><\/span> : massages DoTerra 3\/4h aux Huiles Essentielles (dos et pieds), s\u00e9ances de Th\u00e9rapie Cranio-Sacrale Biodynamique 1h15 \u00e0 30 dont temps d&rsquo;entretien sur probl\u00e9matiques et attentes (personne habill\u00e9e), mini-consultations avec le th\u00e8me num\u00e9rologique ou par l&rsquo;aide du Tarot.<\/p>\n\n\n\n<p><\/p>\n","protected":false},"excerpt":{"rendered":"<p>&#8211; ateliers de Yoga Nidra\/M\u00e9ditation et de Pranayama \/ M\u00e9ditation au Centre Janou, Impasse des<a class=\"post_read_more\" href=\"https:\/\/www.yoga-gap.com\/?page_id=1470\">Read More<\/a><\/p>\n","protected":false},"author":1,"featured_media":0,"parent":0,"menu_order":0,"comment_status":"open","ping_status":"open","template":"","meta":{"footnotes":""},"class_list":["post-1470","page","type-page","status-publish","hentry"],"_links":{"self":[{"href":"https:\/\/www.yoga-gap.com\/index.php?rest_route=\/wp\/v2\/pages\/1470","targetHints":{"allow":["GET"]}}],"collection":[{"href":"https:\/\/www.yoga-gap.com\/index.php?rest_route=\/wp\/v2\/pages"}],"about":[{"href":"https:\/\/www.yoga-gap.com\/index.php?rest_route=\/wp\/v2\/types\/page"}],"author":[{"embeddable":true,"href":"https:\/\/www.yoga-gap.com\/index.php?rest_route=\/wp\/v2\/users\/1"}],"replies":[{"embeddable":true,"href":"https:\/\/www.yoga-gap.com\/index.php?rest_route=%2Fwp%2Fv2%2Fcomments&post=1470"}],"version-history":[{"count":47,"href":"https:\/\/www.yoga-gap.com\/index.php?rest_route=\/wp\/v2\/pages\/1470\/revisions"}],"predecessor-version":[{"id":2155,"href":"https:\/\/www.yoga-gap.com\/index.php?rest_route=\/wp\/v2\/pages\/1470\/revisions\/2155"}],"wp:attachment":[{"href":"https:\/\/www.yoga-gap.com\/index.php?rest_route=%2Fwp%2Fv2%2Fmedia&parent=1470"}],"curies":[{"name":"wp","href":"https:\/\/api.w.org\/{rel}","templated":true}]}}