{"id":149,"date":"2013-08-23T14:29:52","date_gmt":"2013-08-23T13:29:52","guid":{"rendered":"http:\/\/www.yoga-gap.com\/?page_id=149"},"modified":"2025-12-27T17:25:12","modified_gmt":"2025-12-27T16:25:12","slug":"autres-activites","status":"publish","type":"page","link":"https:\/\/www.yoga-gap.com\/?page_id=149","title":{"rendered":"Autres activit\u00e9s"},"content":{"rendered":"<p><span style=\"color: #ff0000;\"><em><em><img loading=\"lazy\" decoding=\"async\" class=\"alignleft\" src=\"https:\/\/www.yoga-gap.com\/wp-content\/uploads\/2013\/08\/Julie-m\u00e9dit-1024x682.jpg\" alt=\"Julie m\u00e9dit\" width=\"229\" height=\"155\" \/><\/em><span style=\"color: #800080;\"><span style=\"text-decoration: underline;\">Yoga<\/span> :<\/span><\/em><\/span><\/p>\n<p><span style=\"color: #800080;\">&#8211; Lectures de textes choisis de diff\u00e9rents ma\u00eetres <\/span><\/p>\n<p><span style=\"color: #800080;\">&#8211; Ateliers sur des th\u00e8mes particuliers, conjoints avec d&rsquo;autres intervenants<\/span><\/p>\n<p><span style=\"color: #008080;\"><em><span style=\"text-decoration: underline;\">Autres activit\u00e9s<\/span> :<\/em><\/span><\/p>\n<p><span style=\"color: #008080;\">&#8211;\u00a0 S\u00e9ances de soins et d&rsquo;accompagnement holistique par la Th\u00e9rapie Cranio-Sacr\u00e9e Biodynamique (TCSB)<\/span><\/p>\n<p><span style=\"color: #008080;\">&#8211; Consultation individuelle, relation d&rsquo;aide (lecture intuitive du Tarot servant de support).<\/span><\/p>\n<p><span style=\"color: #008080;\">&#8211; Harmoniath\u00e9rapie : soin par l&rsquo;\u00e9nergie sur trois plans : corps physique (habill\u00e9), corps \u00e9th\u00e9rique, corps subtil.<\/span><\/p>\n<p><span style=\"color: #008080;\">&#8211; Technique \u00ab\u00a0Aromatouch\u00a0\u00bb : massage de relaxation aux huiles essentielles Do Terra, allong\u00e9(e) \u00e0 plat ventre, habill\u00e9(e), uniquement dos et pieds \u00e0 d\u00e9couvert. Bien-\u00eatre et d\u00e9tente assur\u00e9s dans le voyage subtil des parfums.<\/span><\/p>\n<p><span style=\"color: #008080;\">&#8211; R\u00eave d&rsquo;\u00e9veil (form\u00e9e par Michel Tabet) : consultation d&rsquo;1h par t\u00e9l ou en direct<\/span><\/p>\n<p>Photo : Julie Astier, cr\u00e9atrice du site yoga-gap, en m\u00e9ditation.<\/p>\n<p style=\"text-align: center;\"><em><span style=\"color: #800080;\"><em>\u00a0<\/em><\/span><\/em><\/p>\n","protected":false},"excerpt":{"rendered":"<p>Yoga : &#8211; Lectures de textes choisis de diff\u00e9rents ma\u00eetres &#8211; Ateliers sur des th\u00e8mes<a class=\"post_read_more\" href=\"https:\/\/www.yoga-gap.com\/?page_id=149\">Read More<\/a><\/p>\n","protected":false},"author":1,"featured_media":0,"parent":0,"menu_order":0,"comment_status":"open","ping_status":"open","template":"","meta":{"footnotes":""},"class_list":["post-149","page","type-page","status-publish","hentry"],"_links":{"self":[{"href":"https:\/\/www.yoga-gap.com\/index.php?rest_route=\/wp\/v2\/pages\/149","targetHints":{"allow":["GET"]}}],"collection":[{"href":"https:\/\/www.yoga-gap.com\/index.php?rest_route=\/wp\/v2\/pages"}],"about":[{"href":"https:\/\/www.yoga-gap.com\/index.php?rest_route=\/wp\/v2\/types\/page"}],"author":[{"embeddable":true,"href":"https:\/\/www.yoga-gap.com\/index.php?rest_route=\/wp\/v2\/users\/1"}],"replies":[{"embeddable":true,"href":"https:\/\/www.yoga-gap.com\/index.php?rest_route=%2Fwp%2Fv2%2Fcomments&post=149"}],"version-history":[{"count":57,"href":"https:\/\/www.yoga-gap.com\/index.php?rest_route=\/wp\/v2\/pages\/149\/revisions"}],"predecessor-version":[{"id":2162,"href":"https:\/\/www.yoga-gap.com\/index.php?rest_route=\/wp\/v2\/pages\/149\/revisions\/2162"}],"wp:attachment":[{"href":"https:\/\/www.yoga-gap.com\/index.php?rest_route=%2Fwp%2Fv2%2Fmedia&parent=149"}],"curies":[{"name":"wp","href":"https:\/\/api.w.org\/{rel}","templated":true}]}}