{"id":2,"date":"2013-08-22T12:44:09","date_gmt":"2013-08-22T12:44:09","guid":{"rendered":"http:\/\/www.yoga-gap.com\/?page_id=2"},"modified":"2025-11-06T14:40:27","modified_gmt":"2025-11-06T13:40:27","slug":"page-d-exemple","status":"publish","type":"page","link":"https:\/\/www.yoga-gap.com\/","title":{"rendered":"Accueil"},"content":{"rendered":"<p style=\"text-align: justify;\">\u2003<div id=\"metaslider-id-1849\" style=\"width: 100%; margin: 0 auto;\" class=\"ml-slider-3-94-0 metaslider metaslider-responsive metaslider-1849 ml-slider ms-theme-default no-text\" role=\"region\" aria-roledescription=\"Slideshow\" aria-label=\"New Slideshow\">\n    <div id=\"metaslider_container_1849\">\n        <ul id='metaslider_1849' class='rslides'>\n            <li aria-roledescription='slide' aria-labelledby='slide-0'><img loading=\"lazy\" decoding=\"async\" src=\"https:\/\/www.yoga-gap.com\/wp-content\/uploads\/2013\/09\/lotus565X200pxCadre-565x169.jpg\" height=\"300\" width=\"1000\" alt=\"\" class=\"slider-1849 slide-1851\" \/><\/li>\n            <li style='display: none;' aria-roledescription='slide' aria-labelledby='slide-1'><img loading=\"lazy\" decoding=\"async\" src=\"https:\/\/www.yoga-gap.com\/wp-content\/uploads\/2013\/09\/Bouddha565X200cadre-565x169.jpg\" height=\"300\" width=\"1000\" alt=\"\" class=\"slider-1849 slide-1852\" \/><\/li>\n            <li style='display: none;' aria-roledescription='slide' aria-labelledby='slide-2'><img loading=\"lazy\" decoding=\"async\" src=\"https:\/\/www.yoga-gap.com\/wp-content\/uploads\/2013\/09\/papillon2-565X200pxcadre-565x169.jpg\" height=\"300\" width=\"1000\" alt=\"\" class=\"slider-1849 slide-1850\" title=\"Yoga-gap\" \/><\/li>\n        <\/ul>\n        \n    <\/div>\n<\/div><\/p>\n<p style=\"text-align: center;\"><span style=\"color: #1b77c2;\"><strong><span style=\"font-size: 18pt;\">Yoga, source de transformation<\/span><\/strong><\/span><\/p>\n<p style=\"text-align: justify;\">Yoga Sutra II, 37 :<br \/>\u00ab Quand le d\u00e9sir de prendre dispara\u00eet, les joyaux apparaissent \u00bb<\/p>\n<p style=\"text-align: justify;\"><span style=\"color: #d15d9b; font-size: 12pt;\">Le Yoga, c\u2019est quoi ? Pourquoi le yoga ? Quelques d\u00e9finitions\u2026<\/span><\/p>\n<p style=\"text-align: justify;\"><span style=\"font-size: 12pt;\"><span style=\"color: #d15d9b;\">La plus classique : Union du corps et de l&rsquo;esprit, le mot Yoga signifie \u00ab r\u00e9unir, relier \u00bb.<br \/><\/span><span style=\"color: #d15d9b;\">Source de bien-\u00eatre et de sant\u00e9, d\u2019\u00e9quilibre et d\u2019harmonie, de paix et de joie, le yoga est un art de vie, un accompagnement pour le quotidien, une aide pr\u00e9cieuse pour \u00eatre dans l\u2019instant pr\u00e9sent et apprendre \u00e0 vivre en pleine conscience. <span style=\"text-decoration: underline;\">Par essence, le Yoga pour tous et adapt\u00e9 \u00e0 chacun est th\u00e9rapeutique<\/span> !<\/span><\/span><\/p>\n<p style=\"text-align: justify;\"><span style=\"font-size: 12pt;\"><span style=\"color: #d15d9b;\"> Le yoga, \u00ab voie \u00bb d\u2019\u00e9volution, chemin vers le Soi sup\u00e9rieur, permet d\u2019aller de la p\u00e9riph\u00e9rie vers le centre, d\u2019une perception primaire \u00e0 une perception subtile. <a href=\"http:\/\/www.bhairava.ws\">Eric Baret <\/a><\/span><span style=\"color: #aaa6f8;\"> <span style=\"color: #d15d9b;\">parle de \u00ab Corps de vibration, corps de silence \u00bb, titre de l&rsquo;un\u00a0de ses ouvrages. <\/span><\/span><\/span><\/p>\n<p style=\"text-align: justify;\"><span style=\"color: #d15d9b; font-size: 12pt;\"><span style=\"line-height: 19px;\">Lorsqu\u2019on est dans sa pratique, \u00eatre en \u00ab \u00e9tat de yoga \u00bb donne une saveur particuli\u00e8re d\u2019intense bien-\u00eatre et de paix int\u00e9rieure qui efface le temps. Le yoga c\u2019est, selon la formule de G\u00e9rard Blitz, \u00ab\u00a0\u00eatre \u00e9tabli fermement dans un espace heureux \u00bb.<\/span><\/span><\/p>\n<p style=\"text-align: justify;\"><span style=\"color: #d15d9b; font-size: 12pt;\">C&rsquo;est une discipline, un voyage \u00e0 l\u2019int\u00e9rieur de soi. Comme d&rsquo;autres chemins, lorsqu\u2019ils sont\u00a0accomplis en conscience, le Yoga ouvre \u00e0\u00a0cette R\u00e9alit\u00e9 \u00ab\u00a0Nous ne sommes pas des humains venus faire une exp\u00e9rience spirituelle sur Terre, mais des \u00eatres spirituels venus faire une exp\u00e9rience humaine\u00a0\u00bb.<\/span><\/p>\n<p style=\"text-align: justify;\">Marie Cordier \/ 06.81.11.00.85<\/p>\n\n\n<p><\/p>\n","protected":false},"excerpt":{"rendered":"<p>\u2003 Yoga, source de transformation Yoga Sutra II, 37 :\u00ab Quand le d\u00e9sir de prendre<a class=\"post_read_more\" href=\"https:\/\/www.yoga-gap.com\/\">Read More<\/a><\/p>\n","protected":false},"author":1,"featured_media":0,"parent":0,"menu_order":1,"comment_status":"open","ping_status":"open","template":"","meta":{"footnotes":""},"class_list":["post-2","page","type-page","status-publish","hentry"],"_links":{"self":[{"href":"https:\/\/www.yoga-gap.com\/index.php?rest_route=\/wp\/v2\/pages\/2","targetHints":{"allow":["GET"]}}],"collection":[{"href":"https:\/\/www.yoga-gap.com\/index.php?rest_route=\/wp\/v2\/pages"}],"about":[{"href":"https:\/\/www.yoga-gap.com\/index.php?rest_route=\/wp\/v2\/types\/page"}],"author":[{"embeddable":true,"href":"https:\/\/www.yoga-gap.com\/index.php?rest_route=\/wp\/v2\/users\/1"}],"replies":[{"embeddable":true,"href":"https:\/\/www.yoga-gap.com\/index.php?rest_route=%2Fwp%2Fv2%2Fcomments&post=2"}],"version-history":[{"count":89,"href":"https:\/\/www.yoga-gap.com\/index.php?rest_route=\/wp\/v2\/pages\/2\/revisions"}],"predecessor-version":[{"id":2159,"href":"https:\/\/www.yoga-gap.com\/index.php?rest_route=\/wp\/v2\/pages\/2\/revisions\/2159"}],"wp:attachment":[{"href":"https:\/\/www.yoga-gap.com\/index.php?rest_route=%2Fwp%2Fv2%2Fmedia&parent=2"}],"curies":[{"name":"wp","href":"https:\/\/api.w.org\/{rel}","templated":true}]}}