{"id":229,"date":"2013-08-27T14:58:05","date_gmt":"2013-08-27T13:58:05","guid":{"rendered":"http:\/\/www.yoga-gap.com\/?page_id=229"},"modified":"2017-09-10T12:06:37","modified_gmt":"2017-09-10T11:06:37","slug":"mentions-legales","status":"publish","type":"page","link":"https:\/\/www.yoga-gap.com\/?page_id=229","title":{"rendered":"Mentions L\u00e9gales"},"content":{"rendered":"<p style=\"text-align: justify;\">La structure g\u00e9n\u00e9rale, ainsi que les textes, images et sons composant ce site sont la propri\u00e9t\u00e9 de Marie Cordier.<br \/>\nL&rsquo;ensemble de ce site rel\u00e8ve de la l\u00e9gislation fran\u00e7aise et internationale sur le droit d&rsquo;auteur et la propri\u00e9t\u00e9 intellectuelle. Tous les droits de reproduction sont r\u00e9serv\u00e9s, y compris pour les documents t\u00e9l\u00e9chargeables et les repr\u00e9sentations iconographiques sonores et photographiques.<\/p>\n<p style=\"text-align: justify;\">Toute repr\u00e9sentation totale ou partielle de ce site ou d&rsquo;un ou plusieurs de ces composants, par quelque proc\u00e9d\u00e9 que ce soit, sans autorisation expresse du directeur de la publication est interdite et constituerait une contrefa\u00e7on sanctionn\u00e9e par les articles L.335-2 et suivants du Code de la propri\u00e9t\u00e9 intellectuelle.<\/p>\n<p>&nbsp;<\/p>\n<table style=\"width: 911px; height: 145px; border: 1px solid #d15d9b;\" border=\"1\">\n<tbody>\n<tr>\n<td><span style=\"color: #d15d9b;\"><strong>\u00a0 H\u00e9bergeur<br \/>\net Nom de domaine : <\/strong><\/span><span style=\"color: #d15d9b;\">OVH<\/span><span style=\"color: #d15d9b;\"><strong>\u00a0<\/strong><\/span><\/td>\n<td><span style=\"color: #d15d9b;\"><strong>Cr\u00e9dits<\/strong><\/span><br \/>\n<span style=\"color: #d15d9b;\"> Textes : Marie Cordier<\/span><br \/>\n<span style=\"color: #d15d9b;\"> Photos : Marie Cordier<\/span><\/td>\n<td><span style=\"color: #d15d9b;\"><strong>Contact et Si\u00e8ge Social<\/strong><\/span><br \/>\n<span style=\"color: #d15d9b;\"> Marie Cordier\u00a0<\/span><br \/>\n<span style=\"color: #d15d9b;\"> 13 rue de Valserres &#8211; 05000 GAP<\/span><br \/>\n<span style=\"color: #d15d9b;\"> N\u00b0 Siret : 41095286500039<\/span><br \/>\n<span style=\"color: #d15d9b;\"> Port. : +33(0)6.81.11.00.85<\/span><br \/>\n<strong><span style=\"color: #d15d9b;\"> <a href=\"mailto:mfcordier.yog@orange.fr\"><span style=\"color: #d15d9b;\">mariecordier.yog@orange.fr<\/span><\/a><\/span><\/strong><br \/>\n<strong> <span style=\"color: #d15d9b;\"> <a href=\"https:\/\/www.yoga-gap.com\" target=\"_blank\" rel=\"noopener\"><span style=\"color: #d15d9b;\">www.yoga-gap.com<\/span><\/a><\/span><\/strong><br \/>\n<strong> <span style=\"color: #d15d9b;\"> <a href=\"http:\/\/www.yoga-gap.fr\" target=\"_blank\" rel=\"noopener\"><span style=\"color: #d15d9b;\">www.yoga-gap.fr<\/span><\/a><\/span><\/strong><\/td>\n<td><span style=\"color: #d15d9b;\"><strong>Conception r\u00e9alisation<\/strong><\/span><br \/>\n<span style=\"color: #d15d9b;\"> Pix&rsquo;elle Julie Astier,<\/span><br \/>\n<span style=\"color: #d15d9b;\"> Graphiste freelance<\/span><br \/>\n<span style=\"color: #d15d9b;\"> Ferme Belle Aureille MICROPOLIS<\/span><br \/>\n<span style=\"color: #d15d9b;\"> 05000 GAP &#8211; France<\/span><br \/>\n<span style=\"color: #d15d9b;\"> Port. : +33(0)6 07 29 09 29<\/span><br \/>\n<strong><span style=\"color: #d15d9b;\"> <a href=\"mailto:contact@pix-elle.net\"><span style=\"color: #d15d9b;\">contact@pix-elle.net<br \/>\n<\/span><\/a> <a href=\"www.pix-elle.net\" target=\"_blank\" rel=\"noopener\"><span style=\"color: #d15d9b;\">www.pix-elle.net<\/span><\/a><\/span><\/strong><\/td>\n<\/tr>\n<\/tbody>\n<\/table>\n","protected":false},"excerpt":{"rendered":"<p>La structure g\u00e9n\u00e9rale, ainsi que les textes, images et sons composant ce site sont la<a class=\"post_read_more\" href=\"https:\/\/www.yoga-gap.com\/?page_id=229\">Read More<\/a><\/p>\n","protected":false},"author":1,"featured_media":0,"parent":0,"menu_order":0,"comment_status":"open","ping_status":"open","template":"","meta":{"footnotes":""},"class_list":["post-229","page","type-page","status-publish","hentry"],"_links":{"self":[{"href":"https:\/\/www.yoga-gap.com\/index.php?rest_route=\/wp\/v2\/pages\/229","targetHints":{"allow":["GET"]}}],"collection":[{"href":"https:\/\/www.yoga-gap.com\/index.php?rest_route=\/wp\/v2\/pages"}],"about":[{"href":"https:\/\/www.yoga-gap.com\/index.php?rest_route=\/wp\/v2\/types\/page"}],"author":[{"embeddable":true,"href":"https:\/\/www.yoga-gap.com\/index.php?rest_route=\/wp\/v2\/users\/1"}],"replies":[{"embeddable":true,"href":"https:\/\/www.yoga-gap.com\/index.php?rest_route=%2Fwp%2Fv2%2Fcomments&post=229"}],"version-history":[{"count":19,"href":"https:\/\/www.yoga-gap.com\/index.php?rest_route=\/wp\/v2\/pages\/229\/revisions"}],"predecessor-version":[{"id":1821,"href":"https:\/\/www.yoga-gap.com\/index.php?rest_route=\/wp\/v2\/pages\/229\/revisions\/1821"}],"wp:attachment":[{"href":"https:\/\/www.yoga-gap.com\/index.php?rest_route=%2Fwp%2Fv2%2Fmedia&parent=229"}],"curies":[{"name":"wp","href":"https:\/\/api.w.org\/{rel}","templated":true}]}}