{"id":360,"date":"2013-09-06T16:36:16","date_gmt":"2013-09-06T15:36:16","guid":{"rendered":"http:\/\/www.yoga-gap.com\/?page_id=360"},"modified":"2024-08-21T19:01:49","modified_gmt":"2024-08-21T18:01:49","slug":"couple","status":"publish","type":"page","link":"https:\/\/www.yoga-gap.com\/?page_id=360","title":{"rendered":"Couple"},"content":{"rendered":"<p style=\"text-align: justify;\"><strong><span style=\"color: #3366ff;\">Yoga en couple (cours particulier) :<\/span><\/strong><\/p>\n<p style=\"text-align: justify;\"><span style=\"color: #3366ff;\"><a href=\"https:\/\/www.yoga-gap.com\/wp-content\/uploads\/2013\/09\/IMG_3221.jpg\"><img loading=\"lazy\" decoding=\"async\" class=\"wp-image-1041 alignright\" src=\"https:\/\/www.yoga-gap.com\/wp-content\/uploads\/2013\/09\/IMG_3221.jpg\" alt=\"IMG_3221\" width=\"132\" height=\"140\" srcset=\"https:\/\/www.yoga-gap.com\/wp-content\/uploads\/2013\/09\/IMG_3221.jpg 300w, https:\/\/www.yoga-gap.com\/wp-content\/uploads\/2013\/09\/IMG_3221-285x300.jpg 285w\" sizes=\"auto, (max-width: 132px) 100vw, 132px\" \/><\/a>Ces s\u00e9ances, plus souvent demand\u00e9es lorsque la date d\u2019accouchement approche, sont toujours un moment de joie pour la femme, qui sent son compagnon plus pr\u00e9sent, plus concern\u00e9 encore. <\/span><\/p>\n<p style=\"text-align: justify;\"><span style=\"color: #3366ff;\">Le futur p\u00e8re est sollicit\u00e9 pour accompagner et soulager sa compagne dans quelques postures et exercices simples de pr\u00e9paration \u00e0 l\u2019accouchement. Il peut se mettre \u00e0 l\u2019\u00e9coute de la respiration de sa partenaire et apprend \u00e0 la guider pour le moment voulu. Ce moment partag\u00e9 lui permet \u00ab d\u2019exister \u00bb v\u00e9ritablement dans la bulle maternelle et de mieux s\u2019impliquer dans la compr\u00e9hension des ressentis v\u00e9cus par la maman. Une autre dimension, plus profonde encore, est celle que l&rsquo;homme peut appr\u00e9hender v\u00e9ritablement : la conscience de son r\u00f4le, de sa responsabilit\u00e9 envers l&rsquo;enfant \u00e0 venir et donc d\u00e9j\u00e0 envers le f\u0153tus,\u00a0\u00a0dans sa fa\u00e7on d&rsquo;entourer, d&rsquo;accompagner sa partenaire \u00e0 tous les niveaux, mat\u00e9riel, affectif, psychologique, intellectuel, spirituel.<\/span><\/p>\n<p style=\"text-align: justify;\"><span style=\"color: #3366ff;\">Un petit temps de m\u00e9ditation puis une relaxation \u00e0 deux terminent la s\u00e9ance en ayant profond\u00e9ment uni le couple, tourn\u00e9 vers b\u00e9b\u00e9.<\/span><\/p>\n","protected":false},"excerpt":{"rendered":"<p>Yoga en couple (cours particulier) : Ces s\u00e9ances, plus souvent demand\u00e9es lorsque la date d\u2019accouchement<a class=\"post_read_more\" href=\"https:\/\/www.yoga-gap.com\/?page_id=360\">Read More<\/a><\/p>\n","protected":false},"author":1,"featured_media":0,"parent":0,"menu_order":0,"comment_status":"open","ping_status":"open","template":"","meta":{"footnotes":""},"class_list":["post-360","page","type-page","status-publish","hentry"],"_links":{"self":[{"href":"https:\/\/www.yoga-gap.com\/index.php?rest_route=\/wp\/v2\/pages\/360","targetHints":{"allow":["GET"]}}],"collection":[{"href":"https:\/\/www.yoga-gap.com\/index.php?rest_route=\/wp\/v2\/pages"}],"about":[{"href":"https:\/\/www.yoga-gap.com\/index.php?rest_route=\/wp\/v2\/types\/page"}],"author":[{"embeddable":true,"href":"https:\/\/www.yoga-gap.com\/index.php?rest_route=\/wp\/v2\/users\/1"}],"replies":[{"embeddable":true,"href":"https:\/\/www.yoga-gap.com\/index.php?rest_route=%2Fwp%2Fv2%2Fcomments&post=360"}],"version-history":[{"count":16,"href":"https:\/\/www.yoga-gap.com\/index.php?rest_route=\/wp\/v2\/pages\/360\/revisions"}],"predecessor-version":[{"id":2080,"href":"https:\/\/www.yoga-gap.com\/index.php?rest_route=\/wp\/v2\/pages\/360\/revisions\/2080"}],"wp:attachment":[{"href":"https:\/\/www.yoga-gap.com\/index.php?rest_route=%2Fwp%2Fv2%2Fmedia&parent=360"}],"curies":[{"name":"wp","href":"https:\/\/api.w.org\/{rel}","templated":true}]}}