{"id":40,"date":"2013-08-22T15:31:37","date_gmt":"2013-08-22T14:31:37","guid":{"rendered":"http:\/\/www.yoga-gap.com\/?page_id=40"},"modified":"2025-12-27T17:37:10","modified_gmt":"2025-12-27T16:37:10","slug":"lenseignante","status":"publish","type":"page","link":"https:\/\/www.yoga-gap.com\/?page_id=40","title":{"rendered":""},"content":{"rendered":"<p style=\"text-align: justify;\"><span style=\"color: #d15d9b;\"><a href=\"https:\/\/www.yoga-gap.com\/wp-content\/uploads\/2013\/08\/IMG_9519-e1378890978538.jpg\"><img loading=\"lazy\" decoding=\"async\" class=\"wp-image-499 alignright\" style=\"width: 113px; height: 151px;\" src=\"https:\/\/www.yoga-gap.com\/wp-content\/uploads\/2013\/08\/IMG_9519-e1378890978538.jpg\" alt=\"Marie Cordier\" width=\"113\" height=\"147\" \/><\/a>Pr\u00e9sentation de Marie Cordier : \u00ab\u00a0D\u00e9couverte du yoga \u00e0 l&rsquo;\u00e2ge de 18 ans puis des \u00e9clipses&#8230; Apr\u00e8s plusieurs ann\u00e9es de\u00a0yoga avec divers professeurs, j\u2019ai \u00e9t\u00e9 form\u00e9e comme enseignante par <a href=\"http:\/\/lorin.yoga.free.fr\">Fran\u00e7ois Lorin<\/a>\u00a0 puis dipl\u00f4m\u00e9e de la F\u00e9d\u00e9ration Fran\u00e7aise de Yoga Viniyoga et membre de <a href=\"http:\/\/www.ify.fr\">l&rsquo;Institut Fran\u00e7ais de Yoga<\/a> .<\/span><\/p>\n<p style=\"text-align: justify;\"><span style=\"color: #d15d9b;\">Plusieurs post-formations en yoga et rencontres avec des personnes inspir\u00e9es par de grands ma\u00eetres de l\u2019Inde, divers stages et formations en d\u00e9veloppement personnel, une formation de trois ans en \u00e9nerg\u00e9tique chinoise (Qi Gong th\u00e9rapeutique), des ateliers r\u00e9guliers de philosophie indienne et de chants de mantra (samskritam helene marinetti), d\u2019autres sources d\u2019int\u00e9r\u00eat telles que le bouddhisme tib\u00e9tain, le zen et le tao\u00efsme, la psychologie jungienne, la naturopathie, les m\u00e9decines indienne et chinoise, et d&rsquo;autres encore, m\u2019ont nourrie et me nourrissent encore. Par ailleurs, j&rsquo;ai \u00e9t\u00e9\u00a0profond\u00e9ment marqu\u00e9e par\u00a0les quelques ann\u00e9es\u00a0pendant lesquelles j&rsquo;ai suivi le travail d&rsquo;Ema&rsquo;a Drolma Mata, chamane, dont la personnalit\u00e9, la voix, les chants ont touch\u00e9 tant de c\u0153urs.<\/span><\/p>\n<p style=\"text-align: justify;\"><span style=\"color: #d15d9b;\">J\u2019enseigne un \u00ab yoga pour tous \u00bb depuis d\u00e9but 1996, en cours collectifs et particuliers, en proposant un yoga vari\u00e9, enrichi\u00a0au fil des ans par les\u00a0diff\u00e9rentes formes de yoga que j\u2019ai pu aborder (viniyoga, hatha yoga, yoga C\u00e9cile Barra, yoga de l&rsquo;\u00e9nergie, yoga du son et du chant, yoga du Cachemire (Eric Baret), yoga de la d\u00e9votion, yoga nidra) ainsi que\u00a0par mes autres formations. Je travaille \u00e9galement, depuis cette date, en yoga maternit\u00e9 (pr\u00e9natal, couples, postnatal \u00ab\u00a0maman-b\u00e9b\u00e9\u00a0\u00bb) et par ailleurs,\u00a0fid\u00e8le \u00e0\u00a0ma d\u00e9marche d&rsquo;adaptation, je donne \u00e9galement des s\u00e9ances\u00a0pour les personnes ayant des probl\u00e8mes de sant\u00e9 et\/ou\u00a0de mobilit\u00e9, incompatibles avec un cours ordinaire ainsi que pour les personnes en surpoids .\u00a0\u00bb<\/span><\/p>\n<p><span style=\"color: #800080;\">Je suis par ailleurs certifi\u00e9e en tant que Praticienne en Th\u00e9rapie Cranio-Sacr\u00e9e Biodynamique. Cette approche est profond\u00e9ment holistique et si, bien entendu, elle ne remplace pas les soins m\u00e9dicaux, elle les compl\u00e8te et apporte nombre de soulagements, physiques, \u00e9motionnels etc.<\/span><\/p>\n<p style=\"text-align: justify;\">\u00a0<\/p>\n\n\n<p><\/p>\n","protected":false},"excerpt":{"rendered":"<p>Pr\u00e9sentation de Marie Cordier : \u00ab\u00a0D\u00e9couverte du yoga \u00e0 l&rsquo;\u00e2ge de 18 ans puis des<a class=\"post_read_more\" href=\"https:\/\/www.yoga-gap.com\/?page_id=40\">Read More<\/a><\/p>\n","protected":false},"author":1,"featured_media":0,"parent":0,"menu_order":0,"comment_status":"open","ping_status":"open","template":"","meta":{"footnotes":""},"class_list":["post-40","page","type-page","status-publish","hentry"],"_links":{"self":[{"href":"https:\/\/www.yoga-gap.com\/index.php?rest_route=\/wp\/v2\/pages\/40","targetHints":{"allow":["GET"]}}],"collection":[{"href":"https:\/\/www.yoga-gap.com\/index.php?rest_route=\/wp\/v2\/pages"}],"about":[{"href":"https:\/\/www.yoga-gap.com\/index.php?rest_route=\/wp\/v2\/types\/page"}],"author":[{"embeddable":true,"href":"https:\/\/www.yoga-gap.com\/index.php?rest_route=\/wp\/v2\/users\/1"}],"replies":[{"embeddable":true,"href":"https:\/\/www.yoga-gap.com\/index.php?rest_route=%2Fwp%2Fv2%2Fcomments&post=40"}],"version-history":[{"count":55,"href":"https:\/\/www.yoga-gap.com\/index.php?rest_route=\/wp\/v2\/pages\/40\/revisions"}],"predecessor-version":[{"id":2164,"href":"https:\/\/www.yoga-gap.com\/index.php?rest_route=\/wp\/v2\/pages\/40\/revisions\/2164"}],"wp:attachment":[{"href":"https:\/\/www.yoga-gap.com\/index.php?rest_route=%2Fwp%2Fv2%2Fmedia&parent=40"}],"curies":[{"name":"wp","href":"https:\/\/api.w.org\/{rel}","templated":true}]}}