{"id":42,"date":"2013-08-22T15:32:29","date_gmt":"2013-08-22T14:32:29","guid":{"rendered":"http:\/\/www.yoga-gap.com\/?page_id=42"},"modified":"2017-09-10T11:44:57","modified_gmt":"2017-09-10T10:44:57","slug":"yoga-viniyoga","status":"publish","type":"page","link":"https:\/\/www.yoga-gap.com\/?page_id=42","title":{"rendered":"YOGA VINIYOGA"},"content":{"rendered":"<p><strong><span style=\"color: #d15d9b;\">Ma formation d\u2019origine en yoga : Le Yoga Viniyoga<\/span><\/strong><\/p>\n<p style=\"text-align: justify;\"><span style=\"color: #d15d9b;\">Le terme \u00ab\u00a0viniyoga\u00a0\u00bb est utilis\u00e9 dans le texte de r\u00e9f\u00e9rence du yoga \u00ab Le Yoga-S\u00fbtra de Patanjali \u00bb o\u00f9 il signifie que l\u2019objet et la forme de la m\u00e9ditation doivent \u00eatre choisis en fonction des caract\u00e9ristiques de la personne.<\/span><\/p>\n<p style=\"text-align: justify;\"><span style=\"color: #d15d9b;\">Dans\u00a0les ann\u00e9es 1970, en Inde, Sri Krishnamacharya (1888-1989), apr\u00e8s avoir \u00e9t\u00e9 un ma\u00eetre s\u00e9v\u00e8re et exigeant, a \u00e9largi la notion de viniyoga en l\u2019appliquant, non plus uniquement \u00e0 la m\u00e9ditation, mais directement \u00e0 la pratique des postures et des techniques respiratoires. <\/span><\/p>\n<p style=\"text-align: justify;\"><span style=\"color: #d15d9b;\">Il voulait insister sur l\u2019importance d\u2019une juste application des techniques psychosomatiques du yoga \u00e0 chacun, en tenant compte d\u2019un certain nombre de consid\u00e9rations individuelles (\u00e2ge, sexe, origine, culture, profession, etc). Il \u00e9tait en effet\u00a0primordial de s\u2019assurer d\u2019une application ad\u00e9quate du yoga aux pratiquants occidentaux, si diff\u00e9rents des Indiens, particuli\u00e8rement au niveau physique et culturel.<\/span><\/p>\n<p style=\"text-align: justify;\"><span style=\"color: #d15d9b;\">Sri Krishnamacharya a ouvert la voie. T.K.V.Desikachar, son fils et disciple,\u00a0a repris la formule qui pourrait d\u00e9finir \u00ab\u00a0viniyoga\u00a0\u00bb : <strong><span style=\"color: #d15d9b;\">\u00ab\u00a0Ce n\u2019est pas la personne qui doit s\u2019adapter au yoga, mais le yoga qui doit \u00eatre ajust\u00e9 \u00e0 chaque personne<strong><span style=\"color: #d15d9b;\">\u00ab\u00a0<\/span><\/strong>.\u00a0<\/span><\/strong> De nombreux europ\u00e9ens\u00a0se sont\u00a0d\u00e9plac\u00e9s en Inde pour suivre\u00a0cet enseignement. Mon formateur, Fran\u00e7ois Lorin,\u00a0a fait partie \u00a0de ces pionniers, aupr\u00e8s de Krishnamurti d&rsquo;abord et de Desikachar ensuite.<\/span><\/p>\n<p style=\"text-align: justify;\"><span style=\"color: #d15d9b;\">Depuis sa cr\u00e9ation et \u00e0 la suite de la F\u00e9d\u00e9ration Fran\u00e7aise de Viniyoga, l&rsquo;Institut Fran\u00e7ais de Yoga base son enseignement sur le Yoga-S\u00fbtra de Patanjali et se r\u00e9f\u00e8re \u00e0 quelques textes philosophiques fondateurs (www.ify.fr).<\/span><\/p>\n","protected":false},"excerpt":{"rendered":"<p>Ma formation d\u2019origine en yoga : Le Yoga Viniyoga Le terme \u00ab\u00a0viniyoga\u00a0\u00bb est utilis\u00e9 dans<a class=\"post_read_more\" href=\"https:\/\/www.yoga-gap.com\/?page_id=42\">Read More<\/a><\/p>\n","protected":false},"author":1,"featured_media":0,"parent":0,"menu_order":0,"comment_status":"open","ping_status":"open","template":"","meta":{"footnotes":""},"class_list":["post-42","page","type-page","status-publish","hentry"],"_links":{"self":[{"href":"https:\/\/www.yoga-gap.com\/index.php?rest_route=\/wp\/v2\/pages\/42","targetHints":{"allow":["GET"]}}],"collection":[{"href":"https:\/\/www.yoga-gap.com\/index.php?rest_route=\/wp\/v2\/pages"}],"about":[{"href":"https:\/\/www.yoga-gap.com\/index.php?rest_route=\/wp\/v2\/types\/page"}],"author":[{"embeddable":true,"href":"https:\/\/www.yoga-gap.com\/index.php?rest_route=\/wp\/v2\/users\/1"}],"replies":[{"embeddable":true,"href":"https:\/\/www.yoga-gap.com\/index.php?rest_route=%2Fwp%2Fv2%2Fcomments&post=42"}],"version-history":[{"count":16,"href":"https:\/\/www.yoga-gap.com\/index.php?rest_route=\/wp\/v2\/pages\/42\/revisions"}],"predecessor-version":[{"id":1818,"href":"https:\/\/www.yoga-gap.com\/index.php?rest_route=\/wp\/v2\/pages\/42\/revisions\/1818"}],"wp:attachment":[{"href":"https:\/\/www.yoga-gap.com\/index.php?rest_route=%2Fwp%2Fv2%2Fmedia&parent=42"}],"curies":[{"name":"wp","href":"https:\/\/api.w.org\/{rel}","templated":true}]}}