{"id":463,"date":"2013-09-10T15:32:58","date_gmt":"2013-09-10T14:32:58","guid":{"rendered":"http:\/\/www.yoga-gap.com\/?page_id=463"},"modified":"2017-09-10T11:40:04","modified_gmt":"2017-09-10T10:40:04","slug":"liens-2","status":"publish","type":"page","link":"https:\/\/www.yoga-gap.com\/?page_id=463","title":{"rendered":"Liens"},"content":{"rendered":"<p><strong>Yoga<\/strong> :<\/p>\n<p>Institut Fran\u00e7ais de Yoga \/ Associations R\u00e9gionales \/ Formateurs agr\u00e9\u00e9s par l&rsquo;IFY\u00a0: <a href=\"http:\/\/www.ify.fr\" target=\"_blank\" rel=\"noopener\">http:\/\/www.ify.fr<\/a><\/p>\n<p>Fran\u00e7ois Lorin : http:\/\/lorin.yoga.free.fr et\u00a0: <a href=\"http:\/\/www.ify.fr\">http:\/\/www.ify.fr<\/a><\/p>\n<p>Laurence Maman : <a href=\"http:\/\/www.laurence-maman.fr\" target=\"_blank\" rel=\"noopener\">http:\/\/www.laurence-maman.fr<\/a><\/p>\n<p>Bernard Bouanchaud : <a href=\"http:\/\/www.agamat.fr\" target=\"_blank\" rel=\"noopener\">http:\/\/www.agamat.fr<\/a><\/p>\n<p>Martyn Neal : <a href=\"http:\/\/yoga-neal.fr\">http:\/\/yoga-neal.fr<\/a><\/p>\n<p>Claude Mar\u00e9chal : <a href=\"http:\/\/www.ecoles-viniyoga-formation.com\">http:\/\/www.ecoles-viniyoga-formation.com<\/a><\/p>\n<p><strong>Autres ecoles :<\/strong><\/p>\n<p>C\u00e9cile Barra\u00a0(CEFTY)\u00a0: <a href=\"http:\/\/www.yogaformation-cefty.org\" target=\"_blank\" rel=\"noopener\">http:\/\/www.yogaformation-cefty.org<\/a><\/p>\n<p>Boris Tatsky (yoga de l&rsquo;\u00e9nergie)\u00a0: <a href=\"http:\/\/www.boristatzky.fr\" target=\"_blank\" rel=\"noopener\">http:\/\/www.boristatzky.fr<\/a><\/p>\n<p>Eric Baret (C\u00e9l\u00e9bration de l&rsquo;Inconnaissable) : <a href=\"http:\/\/www.bhairava.ws\" target=\"_blank\" rel=\"noopener\">http:\/\/www.bhairava.ws<\/a><\/p>\n<p>Christian Tikhomiroff : <a href=\"http:\/\/www.natha-yoga.com\">http:\/\/www.natha-yoga.com<\/a><\/p>\n<p><strong>Philosophie indienne :<\/strong><\/p>\n<p>H\u00e9l\u00e8ne Marinetti (D\u00eepa) (sanskrit-philosophie indienne-chant de mantra) : <a href=\"http:\/\/www.sanskrit.claude-marillier.net\" target=\"_blank\" rel=\"noopener\">http:\/\/www.sanskrit.claude-marillier.net<\/a><\/p>\n<p><strong>Maternit\u00e9-Parentalit\u00e9<\/strong> <strong>:<\/strong><\/p>\n<p>Catherine Dumonteil-Kremer : <a href=\"http:\/\/www.cdumonteilkremer.com\">http:\/\/www.cdumonteilkremer.com<\/a><\/p>\n<p>Michel Odent : <a href=\"http:\/\/www.femme-enceinte-esprit-de-la-nature.fr\">http:\/\/www.femme-enceinte-esprit-de-la-nature.fr<\/a><\/p>\n<p>Ma\u00eftie Tr\u00e9la\u00fcn : <a href=\"http:\/\/www.maitie-danselafemme.fr\">http:\/\/www.maitie-danselafemme.fr<\/a><\/p>\n<p>Martine Texier : <a href=\"http:\/\/www.martinetexier.fr\">http:\/\/www.martinetexier.fr<\/a><\/p>\n<p>Dr Bernadette de Gasquet : <a href=\"http:\/\/www.degasquet.com\">http:\/\/www.degasquet.com<\/a><\/p>\n<p>Isabelle\u00a0Filliozat : <span style=\"color: #000000;\">http:\/\/www.filliozat.net <\/span><\/p>\n<p>&nbsp;<\/p>\n<p>&nbsp;<\/p>\n<p>&nbsp;<\/p>\n<p>&nbsp;<\/p>\n<p>&nbsp;<\/p>\n<p>&nbsp;<\/p>\n","protected":false},"excerpt":{"rendered":"<p>Yoga : Institut Fran\u00e7ais de Yoga \/ Associations R\u00e9gionales \/ Formateurs agr\u00e9\u00e9s par l&rsquo;IFY\u00a0: http:\/\/www.ify.fr<a class=\"post_read_more\" href=\"https:\/\/www.yoga-gap.com\/?page_id=463\">Read More<\/a><\/p>\n","protected":false},"author":1,"featured_media":0,"parent":0,"menu_order":0,"comment_status":"open","ping_status":"open","template":"","meta":{"footnotes":""},"class_list":["post-463","page","type-page","status-publish","hentry"],"_links":{"self":[{"href":"https:\/\/www.yoga-gap.com\/index.php?rest_route=\/wp\/v2\/pages\/463","targetHints":{"allow":["GET"]}}],"collection":[{"href":"https:\/\/www.yoga-gap.com\/index.php?rest_route=\/wp\/v2\/pages"}],"about":[{"href":"https:\/\/www.yoga-gap.com\/index.php?rest_route=\/wp\/v2\/types\/page"}],"author":[{"embeddable":true,"href":"https:\/\/www.yoga-gap.com\/index.php?rest_route=\/wp\/v2\/users\/1"}],"replies":[{"embeddable":true,"href":"https:\/\/www.yoga-gap.com\/index.php?rest_route=%2Fwp%2Fv2%2Fcomments&post=463"}],"version-history":[{"count":37,"href":"https:\/\/www.yoga-gap.com\/index.php?rest_route=\/wp\/v2\/pages\/463\/revisions"}],"predecessor-version":[{"id":1817,"href":"https:\/\/www.yoga-gap.com\/index.php?rest_route=\/wp\/v2\/pages\/463\/revisions\/1817"}],"wp:attachment":[{"href":"https:\/\/www.yoga-gap.com\/index.php?rest_route=%2Fwp%2Fv2%2Fmedia&parent=463"}],"curies":[{"name":"wp","href":"https:\/\/api.w.org\/{rel}","templated":true}]}}