{"id":52,"date":"2013-08-22T15:36:20","date_gmt":"2013-08-22T14:36:20","guid":{"rendered":"http:\/\/www.yoga-gap.com\/?page_id=52"},"modified":"2025-11-06T14:34:00","modified_gmt":"2025-11-06T13:34:00","slug":"planning","status":"publish","type":"page","link":"https:\/\/www.yoga-gap.com\/?page_id=52","title":{"rendered":"Planning"},"content":{"rendered":"<p><span style=\"color: #d15d9b;\"><span style=\"color: #d15d9b;\">COURS\u00a0PARTICULIERS\u00a0(yoga adapt\u00e9 \u00e0 la personne, yoga th\u00e9rapeutique) : <span style=\"color: #333333;\">toute l\u2019ann\u00e9e, sur RV<\/span><\/span><\/span><\/p>\n<p><strong><span style=\"color: #ff99cc;\">COURS\u00a02 ou 3 personnes <\/span><\/strong><span style=\"color: #ff99cc;\">(amis\/famille) :<\/span><strong><span style=\"color: #ff99cc;\">\u00a0<\/span><\/strong><span style=\"color: #ff99cc;\"><span style=\"color: #000000;\">toute l\u2019ann\u00e9e, sur RV<\/span><\/span><\/p>\n<p><span style=\"color: #d15d9b;\"><strong><span style=\"text-decoration: underline;\">COURS COLLECTIFS (maxi 10 personnes)<\/span> :<\/strong>\u00a0<span style=\"color: #333333;\">ann\u00e9e scolaire sauf petites vacances. Cours d&rsquo;\u00e9t\u00e9 (autres jours\/horaires) :<br \/>\n<\/span><\/span><\/p>\n<p><strong>&#8211; Mardi de 10h30 \u00e0 11h45<br \/>\n<\/strong><\/p>\n<p><strong>&#8211; Mardi de 18h30 \u00e0 19h45<\/strong><\/p>\n<p><strong>&#8211; Mercredi de 17h \u00e0 18h15<\/strong><\/p>\n<p><strong>&#8211; Mercredi de 18h45 \u00e0 20h<\/strong><\/p>\n<p><strong>&#8211; Jeudi de 18h30 \u00e0 19h45<\/strong><br \/>\n<span style=\"color: #3366ff;\">&#8230;&#8230;&#8230;&#8230;&#8230;&#8230;&#8230;&#8230;&#8230;&#8230;&#8230;&#8230;&#8230;&#8230;&#8230;&#8230;&#8230;&#8230;&#8230;&#8230;&#8230;&#8230;&#8230;&#8230;.<a style=\"color: #3366ff;\" href=\"https:\/\/goo.gl\/maps\/aTNzyH1sEX52\" target=\"_blank\" rel=\"noopener noreferrer\">Centre Janou, Impasse des Hypoth\u00e8ques 05000 GAP<\/a><\/span><\/p>\n<p><span style=\"color: #993366; font-size: 8pt;\"><em><span style=\"font-size: 12pt;\">N.B. : possibilit\u00e9 de changer de cr\u00e9neau si besoin<\/span><br \/>\n<\/em><\/span><\/p>\n<p><span style=\"color: #d15d9b;\"><span style=\"text-decoration: underline;\">COURS\u00a0COLLECTIF ADAPT\u00c9<\/span> probl\u00e8mes sant\u00e9\/mobilit\u00e9\/surpoids\u00a0:<\/span><\/p>\n<p><strong>&#8211; ce cours est suspendu mais peut reprendre en fonction de la demande.<br \/>\n<\/strong><\/p>\n<p><span style=\"color: #3366ff;\">&#8230;&#8230;&#8230;&#8230;&#8230;&#8230;&#8230;&#8230;&#8230;&#8230;&#8230;&#8230;&#8230;&#8230;&#8230;&#8230;&#8230;&#8230;&#8230;&#8230;&#8230;&#8230;&#8230;&#8230;<a style=\"color: #3366ff;\" href=\"https:\/\/goo.gl\/maps\/aTNzyH1sEX52\" target=\"_blank\" rel=\"noopener noreferrer\">Centre Janou, Impasse des Hypoth\u00e8ques 05000 GAP<\/a><\/span><\/p>\n<p><strong><span style=\"color: #008000;\"><span style=\"text-decoration: underline;\">YOGA MATERNIT\u00c9<\/span> (Pr\u00e9natal) :<\/span><\/strong> toute l\u2019ann\u00e9e (cours collectifs ou individuels) :<\/p>\n<p><span style=\"color: #008000;\">cr\u00e9neaux possibles sur demande en fonction du nombre : dans la semaine, matin ou apr\u00e8s-midi les lundi et vendredi, matin les mercredi et jeudi. Plus de cr\u00e9neaux possibles pendant les vacances scolaires.<br \/>\n<\/span><\/p>\n<p><span style=\"color: #3366ff;\">&#8230;&#8230;&#8230;&#8230;&#8230;&#8230;&#8230;&#8230;&#8230;&#8230;&#8230;&#8230;&#8230;&#8230;&#8230;&#8230;&#8230;&#8230;&#8230;&#8230;&#8230;&#8230;&#8230;&#8230;<span style=\"text-decoration: underline;\">Impasse 1<\/span><\/span><a href=\"http:\/\/goo.gl\/maps\/EJ33K\" target=\"_blank\" rel=\"noopener noreferrer\"><span style=\"color: #3366ff;\"><span style=\"text-decoration: underline;\">3<\/span>, Rue de Valserres, 05000 GAP<\/span><\/a><\/p>\n<p><span style=\"color: #3366ff;\">\u00a0<\/span><span style=\"color: #993366;\">ATELIERS de Yoga-Nidra\/m\u00e9ditation :<br \/>\n<\/span><\/p>\n<p><span style=\"color: #000000;\">&#8211; 1 samedi par trimestre, de 16h30 \u00e0 18h30<\/span><\/p>\n<p><span style=\"color: #993366;\">ATELIERS de Pranayama\/m\u00e9ditation :<br \/>\n<\/span>&#8211; 1 samedi par trimestre, de 16h30 \u00e0 18h30<\/p>\n<p><span style=\"color: #993366;\">ATELIERS de Respiration\/Relaxation :<\/span><br \/>\n&#8211; 1 samedi par trimestre, de 10h30 \u00e0 11h30<\/p>\n<p><span style=\"color: #3366ff;\">&#8230;&#8230;&#8230;&#8230;&#8230;&#8230;&#8230;&#8230;&#8230;&#8230;&#8230;&#8230;&#8230;&#8230;&#8230;&#8230;&#8230;&#8230;&#8230;&#8230;&#8230;&#8230;&#8230;&#8230;&#8230;..<a style=\"color: #3366ff;\" href=\"https:\/\/goo.gl\/maps\/aTNzyH1sEX52\" target=\"_blank\" rel=\"noopener noreferrer\">Centre Janou Impasse des Hypoth\u00e8ques\u00a005000 GAP<\/a><\/span><\/p>\n<p><span style=\"color: #3366ff;\">\u00a0<\/span><\/p>\n","protected":false},"excerpt":{"rendered":"<p>COURS\u00a0PARTICULIERS\u00a0(yoga adapt\u00e9 \u00e0 la personne, yoga th\u00e9rapeutique) : toute l\u2019ann\u00e9e, sur RV COURS\u00a02 ou 3<a class=\"post_read_more\" href=\"https:\/\/www.yoga-gap.com\/?page_id=52\">Read More<\/a><\/p>\n","protected":false},"author":1,"featured_media":0,"parent":0,"menu_order":0,"comment_status":"open","ping_status":"open","template":"","meta":{"footnotes":""},"class_list":["post-52","page","type-page","status-publish","hentry"],"_links":{"self":[{"href":"https:\/\/www.yoga-gap.com\/index.php?rest_route=\/wp\/v2\/pages\/52","targetHints":{"allow":["GET"]}}],"collection":[{"href":"https:\/\/www.yoga-gap.com\/index.php?rest_route=\/wp\/v2\/pages"}],"about":[{"href":"https:\/\/www.yoga-gap.com\/index.php?rest_route=\/wp\/v2\/types\/page"}],"author":[{"embeddable":true,"href":"https:\/\/www.yoga-gap.com\/index.php?rest_route=\/wp\/v2\/users\/1"}],"replies":[{"embeddable":true,"href":"https:\/\/www.yoga-gap.com\/index.php?rest_route=%2Fwp%2Fv2%2Fcomments&post=52"}],"version-history":[{"count":104,"href":"https:\/\/www.yoga-gap.com\/index.php?rest_route=\/wp\/v2\/pages\/52\/revisions"}],"predecessor-version":[{"id":2157,"href":"https:\/\/www.yoga-gap.com\/index.php?rest_route=\/wp\/v2\/pages\/52\/revisions\/2157"}],"wp:attachment":[{"href":"https:\/\/www.yoga-gap.com\/index.php?rest_route=%2Fwp%2Fv2%2Fmedia&parent=52"}],"curies":[{"name":"wp","href":"https:\/\/api.w.org\/{rel}","templated":true}]}}